{"id":670,"date":"2024-03-23T19:29:00","date_gmt":"2024-03-23T18:29:00","guid":{"rendered":"https:\/\/staging.tinaorganicbarcelona.com\/?page_id=670"},"modified":"2026-01-31T13:46:30","modified_gmt":"2026-01-31T12:46:30","slug":"blog","status":"publish","type":"page","link":"https:\/\/www.tinaorganicbarcelona.com\/en\/blog\/","title":{"rendered":"Blog"},"content":{"rendered":"<div class=\"et_pb_section_0 et_pb_section et_section_regular et_block_section\">\n<div class=\"et_pb_row_0 et_pb_row et_pb_row_3-4_1-4 et_block_row et_block_row_3-4_1-4\">\n<div class=\"et_pb_column_0 et_pb_column et_pb_column_3_4 et_block_column et_pb_css_mix_blend_mode_passthrough\">\n<div class=\"et_pb_text_0 et_pb_text et_pb_bg_layout_light et_pb_module et_block_module preset--module--divi-text--default\"><div class=\"et_pb_text_inner\"><h1>Blog<\/h1>\n<p>Descubre nuestra pasi\u00f3n por la belleza org\u00e1nica y mantente al tanto de las \u00faltimas tendencias y consejos. En este apartado, te compartimos nuestro d\u00eda a d\u00eda y exploramos las diferencias de los productos org\u00e1nicos. \u00a1\u00danete a nuestra comunidad y ad\u00e9ntrate en el mundo de lo natural!<\/p>\n<\/div><\/div>\n<\/div>\n\n<div class=\"et_pb_column_1 et_pb_column et_pb_column_1_4 et-last-child et_block_column et_pb_column_empty et_pb_css_mix_blend_mode_passthrough\"><\/div>\n<\/div>\n<\/div>\n\n<div class=\"et_pb_section_1 et_pb_section et_section_regular et_block_section\">\n<div class=\"et_pb_row_1 et_pb_row et_block_row\">\n<div class=\"et_pb_column_2 et_pb_column et_pb_column_4_4 et-last-child et_block_column et_pb_css_mix_blend_mode_passthrough\">\n<div class=\"et_pb_blog_0 et_pb_blog et_pb_bg_layout_light et_pb_posts et_pb_module preset--module--divi-blog--default\"><div class=\"et_pb_ajax_pagination_container\"><div class=\"et_pb_posts et_grid_module\"><article class=\"et_pb_post et_pb_post_id_2511 clearfix et_pb_blog_item_0_0 post-2511 post type-post status-publish format-standard has-post-thumbnail hentry category-crecimiento category-natural category-organico category-peluqueria category-sin-categorizar\"><div class=\"et_pb_image_container\"><a href=\"https:\/\/www.tinaorganicbarcelona.com\/en\/crecimiento-del-cabello\/\" class=\"entry-featured-image-url\"><img loading=\"lazy\" decoding=\"async\" src=\"https:\/\/www.tinaorganicbarcelona.com\/wp-content\/uploads\/2026\/04\/pexels-cottonbro-6144284.jpg\" width=\"400\" height=\"284\" alt=\"crecimiento del cabello\" class=\"\" srcset=\"https:\/\/www.tinaorganicbarcelona.com\/wp-content\/uploads\/2026\/04\/pexels-cottonbro-6144284.jpg 479w, https:\/\/www.tinaorganicbarcelona.com\/wp-content\/uploads\/2026\/04\/pexels-cottonbro-6144284-400x284.jpg 480w\" sizes=\"(max-width:479px) 479px, 100vw\" \/><span data-icon=\"\ue050\" class=\"et_overlay et_pb_inline_icon\"><\/span><\/a><\/div><h2 class=\"entry-title\"><a href=\"https:\/\/www.tinaorganicbarcelona.com\/en\/crecimiento-del-cabello\/\">Crecimiento del cabello vigoroso: Las 7 causas invisibles que lo est\u00e1n frenando<\/a><\/h2><p class=\"post-meta\"><span class=\"entry-categories\"><a href=\"https:\/\/www.tinaorganicbarcelona.com\/categoria\/peluqueria\/crecimiento\/\" rel=\"tag\">Crecimiento<\/a>, <a href=\"https:\/\/www.tinaorganicbarcelona.com\/categoria\/natural\/\" rel=\"tag\">Natural<\/a>, <a href=\"https:\/\/www.tinaorganicbarcelona.com\/categoria\/organico\/\" rel=\"tag\">Org\u00e1nico<\/a>, <a href=\"https:\/\/www.tinaorganicbarcelona.com\/categoria\/peluqueria\/\" rel=\"tag\">Peluquer\u00eda<\/a>, <a href=\"https:\/\/www.tinaorganicbarcelona.com\/en\/categoria\/sin-categorizar\/\" rel=\"tag\">Sin categorizar<\/a><\/span><\/p><div class=\"post-content\"><div class=\"post-content-inner\"><\/div><a href=\"https:\/\/www.tinaorganicbarcelona.com\/en\/crecimiento-del-cabello\/\" class=\"more-link\">read more...<\/a><\/div><\/article><article class=\"et_pb_post et_pb_post_id_2493 clearfix et_pb_blog_item_0_1 post-2493 post type-post status-publish format-standard has-post-thumbnail hentry category-peluqueria category-cuidado-capilar category-natural category-organico category-sin-categorizar\"><div class=\"et_pb_image_container\"><a href=\"https:\/\/www.tinaorganicbarcelona.com\/en\/la-caida-del-cabello\/\" class=\"entry-featured-image-url\"><img loading=\"lazy\" decoding=\"async\" src=\"https:\/\/www.tinaorganicbarcelona.com\/wp-content\/uploads\/2026\/02\/a-woman-with-long-hair-in-a-field.jpg\" width=\"400\" height=\"284\" alt=\"ca\u00edda del cabello\" class=\"\" srcset=\"https:\/\/www.tinaorganicbarcelona.com\/wp-content\/uploads\/2026\/02\/a-woman-with-long-hair-in-a-field.jpg 479w, https:\/\/www.tinaorganicbarcelona.com\/wp-content\/uploads\/2026\/02\/a-woman-with-long-hair-in-a-field-400x284.jpg 480w\" sizes=\"(max-width:479px) 479px, 100vw\" \/><span data-icon=\"\ue050\" class=\"et_overlay et_pb_inline_icon\"><\/span><\/a><\/div><h2 class=\"entry-title\"><a href=\"https:\/\/www.tinaorganicbarcelona.com\/en\/la-caida-del-cabello\/\">La ca\u00edda del cabello en primavera: las 3 fases del fascinante ciclo del cabello<\/a><\/h2><p class=\"post-meta\"><span class=\"entry-categories\"><a href=\"https:\/\/www.tinaorganicbarcelona.com\/categoria\/peluqueria\/\" rel=\"tag\">Peluquer\u00eda<\/a>, <a href=\"https:\/\/www.tinaorganicbarcelona.com\/categoria\/peluqueria\/cuidado-capilar\/\" rel=\"tag\">Cuidado capilar<\/a>, <a href=\"https:\/\/www.tinaorganicbarcelona.com\/categoria\/natural\/\" rel=\"tag\">Natural<\/a>, <a href=\"https:\/\/www.tinaorganicbarcelona.com\/categoria\/organico\/\" rel=\"tag\">Org\u00e1nico<\/a>, <a href=\"https:\/\/www.tinaorganicbarcelona.com\/en\/categoria\/sin-categorizar\/\" rel=\"tag\">Sin categorizar<\/a><\/span><\/p><div class=\"post-content\"><div class=\"post-content-inner\"><\/div><a href=\"https:\/\/www.tinaorganicbarcelona.com\/en\/la-caida-del-cabello\/\" class=\"more-link\">read more...<\/a><\/div><\/article><article class=\"et_pb_post et_pb_post_id_2469 clearfix et_pb_blog_item_0_2 post-2469 post type-post status-publish format-standard has-post-thumbnail hentry category-natural category-cuidado-capilar category-organico category-peluqueria category-sin-categorizar\"><div class=\"et_pb_image_container\"><a href=\"https:\/\/www.tinaorganicbarcelona.com\/en\/cabello-seco\/\" class=\"entry-featured-image-url\"><img loading=\"lazy\" decoding=\"async\" src=\"https:\/\/www.tinaorganicbarcelona.com\/wp-content\/uploads\/2026\/01\/Cabelloseco.jpg\" width=\"400\" height=\"284\" alt=\"Cabello seco\" class=\"\" srcset=\"https:\/\/www.tinaorganicbarcelona.com\/wp-content\/uploads\/2026\/01\/Cabelloseco.jpg 479w, https:\/\/www.tinaorganicbarcelona.com\/wp-content\/uploads\/2026\/01\/Cabelloseco-400x284.jpg 480w\" sizes=\"(max-width:479px) 479px, 100vw\" \/><span data-icon=\"\ue050\" class=\"et_overlay et_pb_inline_icon\"><\/span><\/a><\/div><h2 class=\"entry-title\"><a href=\"https:\/\/www.tinaorganicbarcelona.com\/en\/cabello-seco\/\">Cabello seco: el motivo claro y las 7 formas en que tu cabello pide hidrataci\u00f3n<\/a><\/h2><p class=\"post-meta\"><span class=\"entry-categories\"><a href=\"https:\/\/www.tinaorganicbarcelona.com\/categoria\/natural\/\" rel=\"tag\">Natural<\/a>, <a href=\"https:\/\/www.tinaorganicbarcelona.com\/categoria\/peluqueria\/cuidado-capilar\/\" rel=\"tag\">Cuidado capilar<\/a>, <a href=\"https:\/\/www.tinaorganicbarcelona.com\/categoria\/organico\/\" rel=\"tag\">Org\u00e1nico<\/a>, <a href=\"https:\/\/www.tinaorganicbarcelona.com\/categoria\/peluqueria\/\" rel=\"tag\">Peluquer\u00eda<\/a>, <a href=\"https:\/\/www.tinaorganicbarcelona.com\/en\/categoria\/sin-categorizar\/\" rel=\"tag\">Sin categorizar<\/a><\/span><\/p><div class=\"post-content\"><div class=\"post-content-inner\"><\/div><a href=\"https:\/\/www.tinaorganicbarcelona.com\/en\/cabello-seco\/\" class=\"more-link\">read more...<\/a><\/div><\/article><article class=\"et_pb_post et_pb_post_id_1769 clearfix et_pb_blog_item_0_3 post-1769 post type-post status-publish format-standard has-post-thumbnail hentry category-peluqueria category-cuidado-capilar category-natural category-organico\"><div class=\"et_pb_image_container\"><a href=\"https:\/\/www.tinaorganicbarcelona.com\/en\/lavado-del-cabello-cuidado-consciente\/\" class=\"entry-featured-image-url\"><img loading=\"lazy\" decoding=\"async\" src=\"https:\/\/www.tinaorganicbarcelona.com\/wp-content\/uploads\/2025\/10\/beauty-treatment-hairs-washing-at-salon.jpg\" width=\"400\" height=\"284\" alt=\"lavado del cabello\" class=\"\" srcset=\"https:\/\/www.tinaorganicbarcelona.com\/wp-content\/uploads\/2025\/10\/beauty-treatment-hairs-washing-at-salon.jpg 479w, https:\/\/www.tinaorganicbarcelona.com\/wp-content\/uploads\/2025\/10\/beauty-treatment-hairs-washing-at-salon-400x284.jpg 480w\" sizes=\"(max-width:479px) 479px, 100vw\" \/><span data-icon=\"\ue050\" class=\"et_overlay et_pb_inline_icon\"><\/span><\/a><\/div><h2 class=\"entry-title\"><a href=\"https:\/\/www.tinaorganicbarcelona.com\/en\/lavado-del-cabello-cuidado-consciente\/\">M\u00e1s que limpiar: el lavado del cabello, un acto esencial de cuidado consciente<\/a><\/h2><p class=\"post-meta\"><span class=\"entry-categories\"><a href=\"https:\/\/www.tinaorganicbarcelona.com\/categoria\/peluqueria\/\" rel=\"tag\">Peluquer\u00eda<\/a>, <a href=\"https:\/\/www.tinaorganicbarcelona.com\/categoria\/peluqueria\/cuidado-capilar\/\" rel=\"tag\">Cuidado capilar<\/a>, <a href=\"https:\/\/www.tinaorganicbarcelona.com\/categoria\/natural\/\" rel=\"tag\">Natural<\/a>, <a href=\"https:\/\/www.tinaorganicbarcelona.com\/categoria\/organico\/\" rel=\"tag\">Org\u00e1nico<\/a><\/span><\/p><div class=\"post-content\"><div class=\"post-content-inner\"><\/div><a href=\"https:\/\/www.tinaorganicbarcelona.com\/en\/lavado-del-cabello-cuidado-consciente\/\" class=\"more-link\">read more...<\/a><\/div><\/article><article class=\"et_pb_post et_pb_post_id_1752 clearfix et_pb_blog_item_0_4 post-1752 post type-post status-publish format-standard has-post-thumbnail hentry category-coloracion category-cuidado-capilar category-natural category-organico category-peluqueria\"><div class=\"et_pb_image_container\"><a href=\"https:\/\/www.tinaorganicbarcelona.com\/en\/coloracion-kemon-otono-invierno\/\" class=\"entry-featured-image-url\"><img loading=\"lazy\" decoding=\"async\" src=\"https:\/\/www.tinaorganicbarcelona.com\/wp-content\/uploads\/2025\/09\/ycs-modelo-01-1.jpg\" width=\"400\" height=\"284\" alt=\"coloraci\u00f3n kemon\" class=\"\" srcset=\"https:\/\/www.tinaorganicbarcelona.com\/wp-content\/uploads\/2025\/09\/ycs-modelo-01-1.jpg 479w, https:\/\/www.tinaorganicbarcelona.com\/wp-content\/uploads\/2025\/09\/ycs-modelo-01-1-400x284.jpg 480w\" sizes=\"(max-width:479px) 479px, 100vw\" \/><span data-icon=\"\ue050\" class=\"et_overlay et_pb_inline_icon\"><\/span><\/a><\/div><h2 class=\"entry-title\"><a href=\"https:\/\/www.tinaorganicbarcelona.com\/en\/coloracion-kemon-otono-invierno\/\">Coloraci\u00f3n Kemon: gu\u00eda completa para un cabello sano, brillante y natural en oto\u00f1o-invierno 2025<\/a><\/h2><p class=\"post-meta\"><span class=\"entry-categories\"><a href=\"https:\/\/www.tinaorganicbarcelona.com\/categoria\/peluqueria\/coloracion\/\" rel=\"tag\">Coloraci\u00f3n<\/a>, <a href=\"https:\/\/www.tinaorganicbarcelona.com\/categoria\/peluqueria\/cuidado-capilar\/\" rel=\"tag\">Cuidado capilar<\/a>, <a href=\"https:\/\/www.tinaorganicbarcelona.com\/categoria\/natural\/\" rel=\"tag\">Natural<\/a>, <a href=\"https:\/\/www.tinaorganicbarcelona.com\/categoria\/organico\/\" rel=\"tag\">Org\u00e1nico<\/a>, <a href=\"https:\/\/www.tinaorganicbarcelona.com\/categoria\/peluqueria\/\" rel=\"tag\">Peluquer\u00eda<\/a><\/span><\/p><div class=\"post-content\"><div class=\"post-content-inner\"><\/div><a href=\"https:\/\/www.tinaorganicbarcelona.com\/en\/coloracion-kemon-otono-invierno\/\" class=\"more-link\">read more...<\/a><\/div><\/article><article class=\"et_pb_post et_pb_post_id_1735 clearfix et_pb_blog_item_0_5 post-1735 post type-post status-publish format-standard has-post-thumbnail hentry category-cuidado-capilar category-natural category-organico category-peluqueria\"><div class=\"et_pb_image_container\"><a href=\"https:\/\/www.tinaorganicbarcelona.com\/en\/tu-cabello-despues-de-las-vacaciones\/\" class=\"entry-featured-image-url\"><img loading=\"lazy\" decoding=\"async\" src=\"https:\/\/www.tinaorganicbarcelona.com\/wp-content\/uploads\/2025\/08\/physiologic-Premium.jpg\" width=\"400\" height=\"284\" alt=\"vacaciones\" class=\"\" srcset=\"https:\/\/www.tinaorganicbarcelona.com\/wp-content\/uploads\/2025\/08\/physiologic-Premium.jpg 479w, https:\/\/www.tinaorganicbarcelona.com\/wp-content\/uploads\/2025\/08\/physiologic-Premium-400x284.jpg 480w\" sizes=\"(max-width:479px) 479px, 100vw\" \/><span data-icon=\"\ue050\" class=\"et_overlay et_pb_inline_icon\"><\/span><\/a><\/div><h2 class=\"entry-title\"><a href=\"https:\/\/www.tinaorganicbarcelona.com\/en\/tu-cabello-despues-de-las-vacaciones\/\">Vuelta de las vacaciones: La gu\u00eda indispensable en 10 pasos para cuidar tu cabello<\/a><\/h2><p class=\"post-meta\"><span class=\"entry-categories\"><a href=\"https:\/\/www.tinaorganicbarcelona.com\/categoria\/peluqueria\/cuidado-capilar\/\" rel=\"tag\">Cuidado capilar<\/a>, <a href=\"https:\/\/www.tinaorganicbarcelona.com\/categoria\/natural\/\" rel=\"tag\">Natural<\/a>, <a href=\"https:\/\/www.tinaorganicbarcelona.com\/categoria\/organico\/\" rel=\"tag\">Org\u00e1nico<\/a>, <a href=\"https:\/\/www.tinaorganicbarcelona.com\/categoria\/peluqueria\/\" rel=\"tag\">Peluquer\u00eda<\/a><\/span><\/p><div class=\"post-content\"><div class=\"post-content-inner\"><\/div><a href=\"https:\/\/www.tinaorganicbarcelona.com\/en\/tu-cabello-despues-de-las-vacaciones\/\" class=\"more-link\">read more...<\/a><\/div><\/article><article class=\"et_pb_post et_pb_post_id_1718 clearfix et_pb_blog_item_0_6 post-1718 post type-post status-publish format-standard has-post-thumbnail hentry category-peluqueria category-cuidado-capilar category-natural category-organico\"><div class=\"et_pb_image_container\"><a href=\"https:\/\/www.tinaorganicbarcelona.com\/en\/tu-rutina-ideal-kemon-para-cabello\/\" class=\"entry-featured-image-url\"><img loading=\"lazy\" decoding=\"async\" src=\"https:\/\/www.tinaorganicbarcelona.com\/wp-content\/uploads\/2025\/07\/pelirroja-actyva.jpg\" width=\"400\" height=\"284\" alt=\"kemon\" class=\"\" srcset=\"https:\/\/www.tinaorganicbarcelona.com\/wp-content\/uploads\/2025\/07\/pelirroja-actyva.jpg 479w, https:\/\/www.tinaorganicbarcelona.com\/wp-content\/uploads\/2025\/07\/pelirroja-actyva-400x284.jpg 480w\" sizes=\"(max-width:479px) 479px, 100vw\" \/><span data-icon=\"\ue050\" class=\"et_overlay et_pb_inline_icon\"><\/span><\/a><\/div><h2 class=\"entry-title\"><a href=\"https:\/\/www.tinaorganicbarcelona.com\/en\/tu-rutina-ideal-kemon-para-cabello\/\">Gu\u00eda indispensable de productos Kemon para 7 tipos de cabello, Encuentra tu rutina ideal<\/a><\/h2><p class=\"post-meta\"><span class=\"entry-categories\"><a href=\"https:\/\/www.tinaorganicbarcelona.com\/categoria\/peluqueria\/\" rel=\"tag\">Peluquer\u00eda<\/a>, <a href=\"https:\/\/www.tinaorganicbarcelona.com\/categoria\/peluqueria\/cuidado-capilar\/\" rel=\"tag\">Cuidado capilar<\/a>, <a href=\"https:\/\/www.tinaorganicbarcelona.com\/categoria\/natural\/\" rel=\"tag\">Natural<\/a>, <a href=\"https:\/\/www.tinaorganicbarcelona.com\/categoria\/organico\/\" rel=\"tag\">Org\u00e1nico<\/a><\/span><\/p><div class=\"post-content\"><div class=\"post-content-inner\"><\/div><a href=\"https:\/\/www.tinaorganicbarcelona.com\/en\/tu-rutina-ideal-kemon-para-cabello\/\" class=\"more-link\">read more...<\/a><\/div><\/article><article class=\"et_pb_post et_pb_post_id_1699 clearfix et_pb_blog_item_0_7 post-1699 post type-post status-publish format-standard has-post-thumbnail hentry category-natural category-cuidado-capilar category-organico category-peluqueria\"><div class=\"et_pb_image_container\"><a href=\"https:\/\/www.tinaorganicbarcelona.com\/en\/cuidar-de-tu-cabello-en-verano\/\" class=\"entry-featured-image-url\"><img loading=\"lazy\" decoding=\"async\" src=\"https:\/\/www.tinaorganicbarcelona.com\/wp-content\/uploads\/2025\/06\/head-travel-bag.jpg\" width=\"400\" height=\"284\" alt=\"cabello en verano\" class=\"\" srcset=\"https:\/\/www.tinaorganicbarcelona.com\/wp-content\/uploads\/2025\/06\/head-travel-bag.jpg 479w, https:\/\/www.tinaorganicbarcelona.com\/wp-content\/uploads\/2025\/06\/head-travel-bag-400x284.jpg 480w\" sizes=\"(max-width:479px) 479px, 100vw\" \/><span data-icon=\"\ue050\" class=\"et_overlay et_pb_inline_icon\"><\/span><\/a><\/div><h2 class=\"entry-title\"><a href=\"https:\/\/www.tinaorganicbarcelona.com\/en\/cuidar-de-tu-cabello-en-verano\/\">Descubre m\u00e1s de 10 consejos para cuidar de tu cabello en verano de forma natural y eficaz<\/a><\/h2><p class=\"post-meta\"><span class=\"entry-categories\"><a href=\"https:\/\/www.tinaorganicbarcelona.com\/categoria\/natural\/\" rel=\"tag\">Natural<\/a>, <a href=\"https:\/\/www.tinaorganicbarcelona.com\/categoria\/peluqueria\/cuidado-capilar\/\" rel=\"tag\">Cuidado capilar<\/a>, <a href=\"https:\/\/www.tinaorganicbarcelona.com\/categoria\/organico\/\" rel=\"tag\">Org\u00e1nico<\/a>, <a href=\"https:\/\/www.tinaorganicbarcelona.com\/categoria\/peluqueria\/\" rel=\"tag\">Peluquer\u00eda<\/a><\/span><\/p><div class=\"post-content\"><div class=\"post-content-inner\"><\/div><a href=\"https:\/\/www.tinaorganicbarcelona.com\/en\/cuidar-de-tu-cabello-en-verano\/\" class=\"more-link\">read more...<\/a><\/div><\/article><article class=\"et_pb_post et_pb_post_id_1671 clearfix et_pb_blog_item_0_8 post-1671 post type-post status-publish format-standard has-post-thumbnail hentry category-natural category-alisado-organico category-organico category-peluqueria\"><div class=\"et_pb_image_container\"><a href=\"https:\/\/www.tinaorganicbarcelona.com\/en\/alisado-organico-verano\/\" class=\"entry-featured-image-url\"><img loading=\"lazy\" decoding=\"async\" src=\"https:\/\/www.tinaorganicbarcelona.com\/wp-content\/uploads\/2025\/05\/IMG_6242-copy.jpeg\" width=\"400\" height=\"284\" alt=\"alisado org\u00e1nico\" class=\"\" srcset=\"https:\/\/www.tinaorganicbarcelona.com\/wp-content\/uploads\/2025\/05\/IMG_6242-copy.jpeg 479w, https:\/\/www.tinaorganicbarcelona.com\/wp-content\/uploads\/2025\/05\/IMG_6242-copy-400x284.jpeg 480w\" sizes=\"(max-width:479px) 479px, 100vw\" \/><span data-icon=\"\ue050\" class=\"et_overlay et_pb_inline_icon\"><\/span><\/a><\/div><h2 class=\"entry-title\"><a href=\"https:\/\/www.tinaorganicbarcelona.com\/en\/alisado-organico-verano\/\">Alisado org\u00e1nico BMAG fenomenal  para el verano: descubre los 6 beneficios para un cabello suelto, saludable y sin frizz<\/a><\/h2><p class=\"post-meta\"><span class=\"entry-categories\"><a href=\"https:\/\/www.tinaorganicbarcelona.com\/categoria\/natural\/\" rel=\"tag\">Natural<\/a>, <a href=\"https:\/\/www.tinaorganicbarcelona.com\/categoria\/peluqueria\/alisado-organico\/\" rel=\"tag\">Alisado org\u00e1nico<\/a>, <a href=\"https:\/\/www.tinaorganicbarcelona.com\/categoria\/organico\/\" rel=\"tag\">Org\u00e1nico<\/a>, <a href=\"https:\/\/www.tinaorganicbarcelona.com\/categoria\/peluqueria\/\" rel=\"tag\">Peluquer\u00eda<\/a><\/span><\/p><div class=\"post-content\"><div class=\"post-content-inner\"><\/div><a href=\"https:\/\/www.tinaorganicbarcelona.com\/en\/alisado-organico-verano\/\" class=\"more-link\">read more...<\/a><\/div><\/article><article class=\"et_pb_post et_pb_post_id_1641 clearfix et_pb_blog_item_0_9 post-1641 post type-post status-publish format-standard has-post-thumbnail hentry category-peluqueria category-peinado\"><div class=\"et_pb_image_container\"><a href=\"https:\/\/www.tinaorganicbarcelona.com\/en\/descubre-las-8-tendencias-de-peinados\/\" class=\"entry-featured-image-url\"><img loading=\"lazy\" decoding=\"async\" src=\"https:\/\/www.tinaorganicbarcelona.com\/wp-content\/uploads\/2025\/04\/accessorios.jpeg\" width=\"400\" height=\"284\" alt=\"tendencias peinado 2025\" class=\"\" srcset=\"https:\/\/www.tinaorganicbarcelona.com\/wp-content\/uploads\/2025\/04\/accessorios.jpeg 479w, https:\/\/www.tinaorganicbarcelona.com\/wp-content\/uploads\/2025\/04\/accessorios-400x284.jpeg 480w\" sizes=\"(max-width:479px) 479px, 100vw\" \/><span data-icon=\"\ue050\" class=\"et_overlay et_pb_inline_icon\"><\/span><\/a><\/div><h2 class=\"entry-title\"><a href=\"https:\/\/www.tinaorganicbarcelona.com\/en\/descubre-las-8-tendencias-de-peinados\/\">Descubre las 8 tendencias de peinados de la Primavera-Verano 2025 para ser a\u00fan m\u00e1s fascinante<\/a><\/h2><p class=\"post-meta\"><span class=\"entry-categories\"><a href=\"https:\/\/www.tinaorganicbarcelona.com\/categoria\/peluqueria\/\" rel=\"tag\">Peluquer\u00eda<\/a>, <a href=\"https:\/\/www.tinaorganicbarcelona.com\/categoria\/peluqueria\/peinado\/\" rel=\"tag\">Peinado<\/a><\/span><\/p><div class=\"post-content\"><div class=\"post-content-inner\"><\/div><a href=\"https:\/\/www.tinaorganicbarcelona.com\/en\/descubre-las-8-tendencias-de-peinados\/\" class=\"more-link\">read more...<\/a><\/div><\/article><article class=\"et_pb_post et_pb_post_id_1606 clearfix et_pb_blog_item_0_10 post-1606 post type-post status-publish format-standard has-post-thumbnail hentry category-organico category-coloracion category-natural category-peluqueria\"><div class=\"et_pb_image_container\"><a href=\"https:\/\/www.tinaorganicbarcelona.com\/en\/tendencias-coloracion-cabello-rizado\/\" class=\"entry-featured-image-url\"><img loading=\"lazy\" decoding=\"async\" src=\"https:\/\/www.tinaorganicbarcelona.com\/wp-content\/uploads\/2025\/02\/Screenshot-2025-02-20-at-11.29.34-1-e1740049042186.png\" width=\"400\" height=\"284\" alt=\"chocolate avellana coloraci\u00f3n tendencia cabello rizado 2025\" class=\"\" srcset=\"https:\/\/www.tinaorganicbarcelona.com\/wp-content\/uploads\/2025\/02\/Screenshot-2025-02-20-at-11.29.34-1-e1740049042186.png 479w, https:\/\/www.tinaorganicbarcelona.com\/wp-content\/uploads\/2025\/02\/Screenshot-2025-02-20-at-11.29.34-1-400x284.png 480w\" sizes=\"(max-width:479px) 479px, 100vw\" \/><span data-icon=\"\ue050\" class=\"et_overlay et_pb_inline_icon\"><\/span><\/a><\/div><h2 class=\"entry-title\"><a href=\"https:\/\/www.tinaorganicbarcelona.com\/en\/tendencias-coloracion-cabello-rizado\/\">Las 4 tendencias en coloraci\u00f3n primavera-verano 2025 para un cabello rizado poderoso<\/a><\/h2><p class=\"post-meta\"><span class=\"entry-categories\"><a href=\"https:\/\/www.tinaorganicbarcelona.com\/categoria\/organico\/\" rel=\"tag\">Org\u00e1nico<\/a>, <a href=\"https:\/\/www.tinaorganicbarcelona.com\/categoria\/peluqueria\/coloracion\/\" rel=\"tag\">Coloraci\u00f3n<\/a>, <a href=\"https:\/\/www.tinaorganicbarcelona.com\/categoria\/natural\/\" rel=\"tag\">Natural<\/a>, <a href=\"https:\/\/www.tinaorganicbarcelona.com\/categoria\/peluqueria\/\" rel=\"tag\">Peluquer\u00eda<\/a><\/span><\/p><div class=\"post-content\"><div class=\"post-content-inner\"><\/div><a href=\"https:\/\/www.tinaorganicbarcelona.com\/en\/tendencias-coloracion-cabello-rizado\/\" class=\"more-link\">read more...<\/a><\/div><\/article><article class=\"et_pb_post et_pb_post_id_1578 clearfix et_pb_blog_item_0_11 post-1578 post type-post status-publish format-standard has-post-thumbnail hentry category-organico category-coloracion category-peluqueria tag-cuidado-mechas tag-mecas-a-peine tag-mechas tag-mechas-babylight tag-mechas-californianas\"><div class=\"et_pb_image_container\"><a href=\"https:\/\/www.tinaorganicbarcelona.com\/en\/4-diferentes-tipos-de-mechas\/\" class=\"entry-featured-image-url\"><img loading=\"lazy\" decoding=\"async\" src=\"https:\/\/www.tinaorganicbarcelona.com\/wp-content\/uploads\/2025\/01\/mechas-balayage-2.jpg\" width=\"400\" height=\"284\" alt=\"mechas\" class=\"\" srcset=\"https:\/\/www.tinaorganicbarcelona.com\/wp-content\/uploads\/2025\/01\/mechas-balayage-2.jpg 479w, https:\/\/www.tinaorganicbarcelona.com\/wp-content\/uploads\/2025\/01\/mechas-balayage-2-400x284.jpg 480w\" sizes=\"(max-width:479px) 479px, 100vw\" \/><span data-icon=\"\ue050\" class=\"et_overlay et_pb_inline_icon\"><\/span><\/a><\/div><h2 class=\"entry-title\"><a href=\"https:\/\/www.tinaorganicbarcelona.com\/en\/4-diferentes-tipos-de-mechas\/\">Elige entre 4 diferentes tipos de mechas para ser irresistible en Tina peluquer\u00eda org\u00e1nica<\/a><\/h2><p class=\"post-meta\"><span class=\"entry-categories\"><a href=\"https:\/\/www.tinaorganicbarcelona.com\/categoria\/organico\/\" rel=\"tag\">Org\u00e1nico<\/a>, <a href=\"https:\/\/www.tinaorganicbarcelona.com\/categoria\/peluqueria\/coloracion\/\" rel=\"tag\">Coloraci\u00f3n<\/a>, <a href=\"https:\/\/www.tinaorganicbarcelona.com\/categoria\/peluqueria\/\" rel=\"tag\">Peluquer\u00eda<\/a><\/span><\/p><div class=\"post-content\"><div class=\"post-content-inner\"><\/div><a href=\"https:\/\/www.tinaorganicbarcelona.com\/en\/4-diferentes-tipos-de-mechas\/\" class=\"more-link\">read more...<\/a><\/div><\/article><\/div><div class=\"pagination clearfix\">\n\t<div class=\"alignleft\"><a href=\"https:\/\/www.tinaorganicbarcelona.com\/en\/wp-json\/wp\/v2\/pages\/670\/page\/2\/?et_blog\" >&laquo; Older Entries<\/a><\/div>\n\t<div class=\"alignright\"><\/div>\n<\/div><\/div><\/div>\n<\/div>\n<\/div>\n<\/div>","protected":false},"excerpt":{"rendered":"<p>Blog de Tina peluquer\u00eda org\u00e1nica sobre cuidado del cabello, tratamientos capilares, coloraci\u00f3n respetuosa y belleza consciente. Consejos profesionales desde nuestro sal\u00f3n de peluquer\u00eda en el centro de Barcelona.<\/p>\n","protected":false},"author":1,"featured_media":1220,"parent":0,"menu_order":0,"comment_status":"closed","ping_status":"closed","template":"","meta":{"_acf_changed":false,"footnotes":""},"class_list":["post-670","page","type-page","status-publish","has-post-thumbnail","hentry"],"acf":[],"_links":{"self":[{"href":"https:\/\/www.tinaorganicbarcelona.com\/en\/wp-json\/wp\/v2\/pages\/670","targetHints":{"allow":["GET"]}}],"collection":[{"href":"https:\/\/www.tinaorganicbarcelona.com\/en\/wp-json\/wp\/v2\/pages"}],"about":[{"href":"https:\/\/www.tinaorganicbarcelona.com\/en\/wp-json\/wp\/v2\/types\/page"}],"author":[{"embeddable":true,"href":"https:\/\/www.tinaorganicbarcelona.com\/en\/wp-json\/wp\/v2\/users\/1"}],"replies":[{"embeddable":true,"href":"https:\/\/www.tinaorganicbarcelona.com\/en\/wp-json\/wp\/v2\/comments?post=670"}],"version-history":[{"count":16,"href":"https:\/\/www.tinaorganicbarcelona.com\/en\/wp-json\/wp\/v2\/pages\/670\/revisions"}],"predecessor-version":[{"id":2489,"href":"https:\/\/www.tinaorganicbarcelona.com\/en\/wp-json\/wp\/v2\/pages\/670\/revisions\/2489"}],"wp:featuredmedia":[{"embeddable":true,"href":"https:\/\/www.tinaorganicbarcelona.com\/en\/wp-json\/wp\/v2\/media\/1220"}],"wp:attachment":[{"href":"https:\/\/www.tinaorganicbarcelona.com\/en\/wp-json\/wp\/v2\/media?parent=670"}],"curies":[{"name":"wp","href":"https:\/\/api.w.org\/{rel}","templated":true}]}}