{"id":874,"date":"2024-03-24T18:31:15","date_gmt":"2024-03-24T17:31:15","guid":{"rendered":"https:\/\/staging.tinaorganicbarcelona.com\/?page_id=874"},"modified":"2026-01-06T14:01:39","modified_gmt":"2026-01-06T13:01:39","slug":"terminos-y-condiciones","status":"publish","type":"page","link":"https:\/\/www.tinaorganicbarcelona.com\/en\/terminos-y-condiciones\/","title":{"rendered":"T\u00e9rminos y condiciones"},"content":{"rendered":"<div class=\"et_pb_section_0 et_pb_section et_section_regular et_block_section\"><div class=\"et_pb_row_0 et_pb_row et_block_row\"><div class=\"et_pb_column_0 et_pb_column et_pb_column_4_4 et-last-child et_block_column et_pb_css_mix_blend_mode_passthrough\"><div class=\"et_pb_text_0 et_pb_text et_pb_bg_layout_light et_pb_module et_block_module preset--module--divi-text--default\"><div class=\"et_pb_text_inner\"><h1>T\u00e9rminos y Condiciones para la Compra de Servicios y Cambios de Cita<\/h1>\n<p>1. <strong>No se Devuelven Compras de Servicios<\/strong>: Una vez que se compra un servicio, no se ofrecen devoluciones. Sin embargo, los clientes pueden cambiar el servicio comprado por otro, o cambiar la fecha de la cita, sujeto a disponibilidad y las condiciones aqu\u00ed mencionadas.<\/p>\n<p>2. <strong>Cambios de Cita<\/strong>: Los clientes que deseen cambiar su cita deben notificar al sal\u00f3n al menos 24 horas antes del servicio programado. Los cambios notificados dentro de este plazo se realizar\u00e1n sin cargos adicionales, sujeto a disponibilidad.<\/p>\n<p>3. <strong>Cambios y Cancelaciones Tard\u00edas<\/strong>: Si un cliente no reprograma o cancela su cita con al menos 24 horas de antelaci\u00f3n, no se reembolsar\u00e1 ni acreditar\u00e1 el pago para servicios futuros.<\/p>\n<p>4. <strong>Pol\u00edtica de Reagendamiento<\/strong>: Los clientes pueden reagendar su cita una vez, siempre que notifiquen al sal\u00f3n con al menos 24 horas de antelaci\u00f3n. La nueva cita est\u00e1 sujeta a disponibilidad y debe ser dentro de un plazo razonable determinado por el sal\u00f3n.<\/p>\n<p>5. <strong>Excepciones<\/strong>: Se podr\u00edan considerar excepciones a esta pol\u00edtica en casos de emergencias u otras circunstancias imprevistas, a discreci\u00f3n de la administraci\u00f3n del sal\u00f3n.<\/p>\n<p>6. <strong>Aceptaci\u00f3n de los T\u00e9rminos<\/strong>: Al reservar un servicio, los clientes aceptan estos t\u00e9rminos y condiciones.<\/p>\n<p>---<\/p>\n<p>Para conocer el aviso legal completo, puedes visitar la <a href=\"https:\/\/www.tinaorganicbarcelona.com\/aviso-legal\/\">p\u00e1gina de aviso legal<\/a> del sal\u00f3n.<\/p>\n<\/div><\/div><\/div><\/div><\/div>","protected":false},"excerpt":{"rendered":"","protected":false},"author":1,"featured_media":0,"parent":0,"menu_order":0,"comment_status":"closed","ping_status":"closed","template":"","meta":{"_acf_changed":false,"footnotes":""},"class_list":["post-874","page","type-page","status-publish","hentry"],"acf":[],"_links":{"self":[{"href":"https:\/\/www.tinaorganicbarcelona.com\/en\/wp-json\/wp\/v2\/pages\/874","targetHints":{"allow":["GET"]}}],"collection":[{"href":"https:\/\/www.tinaorganicbarcelona.com\/en\/wp-json\/wp\/v2\/pages"}],"about":[{"href":"https:\/\/www.tinaorganicbarcelona.com\/en\/wp-json\/wp\/v2\/types\/page"}],"author":[{"embeddable":true,"href":"https:\/\/www.tinaorganicbarcelona.com\/en\/wp-json\/wp\/v2\/users\/1"}],"replies":[{"embeddable":true,"href":"https:\/\/www.tinaorganicbarcelona.com\/en\/wp-json\/wp\/v2\/comments?post=874"}],"version-history":[{"count":6,"href":"https:\/\/www.tinaorganicbarcelona.com\/en\/wp-json\/wp\/v2\/pages\/874\/revisions"}],"predecessor-version":[{"id":1820,"href":"https:\/\/www.tinaorganicbarcelona.com\/en\/wp-json\/wp\/v2\/pages\/874\/revisions\/1820"}],"wp:attachment":[{"href":"https:\/\/www.tinaorganicbarcelona.com\/en\/wp-json\/wp\/v2\/media?parent=874"}],"curies":[{"name":"wp","href":"https:\/\/api.w.org\/{rel}","templated":true}]}}